{"id":808,"date":"2018-02-08T17:23:26","date_gmt":"2018-02-08T17:23:26","guid":{"rendered":"http:\/\/citylebenstedt.com\/?page_id=808"},"modified":"2022-12-14T12:10:53","modified_gmt":"2022-12-14T12:10:53","slug":"mitglied-werden","status":"publish","type":"page","link":"https:\/\/citylebenstedt.com\/?page_id=808","title":{"rendered":"Mitglied werden"},"content":{"rendered":"<p>[et_pb_section fb_built=&#8220;1&#8243; _builder_version=&#8220;4.16&#8243; global_colors_info=&#8220;{}&#8220;][et_pb_row _builder_version=&#8220;4.16&#8243; background_size=&#8220;initial&#8220; background_position=&#8220;top_left&#8220; background_repeat=&#8220;repeat&#8220; custom_padding=&#8220;64px|0px|31px|0px&#8220; global_colors_info=&#8220;{}&#8220;][et_pb_column type=&#8220;4_4&#8243; _builder_version=&#8220;4.16&#8243; custom_padding=&#8220;|||&#8220; global_colors_info=&#8220;{}&#8220; custom_padding__hover=&#8220;|||&#8220;][et_pb_text _builder_version=&#8220;4.19.2&#8243; hover_enabled=&#8220;0&#8243; global_colors_info=&#8220;{}&#8220; text_font_size=&#8220;16px&#8220; sticky_enabled=&#8220;0&#8243; header_font=&#8220;|600|||||||&#8220;]<\/p>\n<h1>Mitglied werden<\/h1>\n<h4><\/h4>\n<p><strong>Sie sind noch nicht dabei? Mitglied werden und profitieren!<\/strong><\/p>\n<p>Sie sind Gesch\u00e4ftsinhaber in Salzgitter? Haben Ideen, wie das Handelsgeschehen vor Ort belebt werden kann? Oder m\u00f6chten einfach von einem schlagkr\u00e4ftigen Netzwerk profitieren? Dann sind sie bei dem CityLebenstedt e.V. genau richtig!<\/p>\n<p>Als Interessengemeinschaft der Gesch\u00e4ftsleute unserer City verstehen wir uns nicht nur als Sprachrohr gegen\u00fcber Medien, Politik und Verwaltung, sondern auch als vielseitige strategische Marketinggemeinschaft. Dabei \u00fcbernimmt die CityLebenstedt vielf\u00e4ltige Aufgaben f\u00fcr Sie:<\/p>\n<ul>\n<li>Regionales Marketing f\u00fcr den Einkaufsstandort CityLebenstedt<\/li>\n<li>Entwicklung, Planung &amp; Durchf\u00fchrung von Veranstaltungen und Aktionen zur Belebung der Innenstadt<\/li>\n<li>Kooperation mit der \u00f6rtlichen Wirtschaftsf\u00f6rderung (WIS)<\/li>\n<li>Zukunftsorientierte Weiterentwicklung des Handelsstandortes Lebenstedt.<\/li>\n<\/ul>\n<p>Unterst\u00fctzen Sie unsere Arbeit f\u00fcr eine lebendige Innenstadt und profitieren Sie von Sonderkonditionen bei unseren diversen Projekten! F\u00fcllen Sie einfach den Aufnahmeantrag aus, senden Sie ihn uns zu und werden Sie Mitglied des CityLebenstedt e.V.<\/p>\n<p>[\/et_pb_text][\/et_pb_column][\/et_pb_row][et_pb_row column_structure=&#8220;1_4,1_4,1_4,1_4&#8243; _builder_version=&#8220;4.16&#8243; custom_margin=&#8220;0px|||&#8220; custom_padding=&#8220;0px||51px|&#8220; global_colors_info=&#8220;{}&#8220;][et_pb_column type=&#8220;1_4&#8243; _builder_version=&#8220;4.16&#8243; custom_padding=&#8220;|||&#8220; global_colors_info=&#8220;{}&#8220; custom_padding__hover=&#8220;|||&#8220;][et_pb_button button_url=&#8220;https:\/\/citylebenstedt.com\/wp-content\/uploads\/2020\/01\/Aufnahmeantrag.pdf&#8220; url_new_window=&#8220;on&#8220; button_text=&#8220;Aufnahmeantrag&#8220; _builder_version=&#8220;4.19.2&#8243; hover_enabled=&#8220;0&#8243; global_colors_info=&#8220;{}&#8220; button_text_size__hover_enabled=&#8220;off|desktop&#8220; button_one_text_size__hover_enabled=&#8220;off&#8220; button_two_text_size__hover_enabled=&#8220;off&#8220; button_text_color__hover_enabled=&#8220;off|hover&#8220; button_one_text_color__hover_enabled=&#8220;off&#8220; button_two_text_color__hover_enabled=&#8220;off&#8220; button_border_width__hover_enabled=&#8220;off&#8220; button_one_border_width__hover_enabled=&#8220;off&#8220; button_two_border_width__hover_enabled=&#8220;off&#8220; button_border_color__hover_enabled=&#8220;off&#8220; button_one_border_color__hover_enabled=&#8220;off&#8220; button_two_border_color__hover_enabled=&#8220;off&#8220; button_border_radius__hover_enabled=&#8220;off&#8220; button_one_border_radius__hover_enabled=&#8220;off&#8220; button_two_border_radius__hover_enabled=&#8220;off&#8220; button_letter_spacing__hover_enabled=&#8220;off&#8220; button_one_letter_spacing__hover_enabled=&#8220;off&#8220; button_two_letter_spacing__hover_enabled=&#8220;off&#8220; button_bg_color__hover_enabled=&#8220;on|hover&#8220; button_one_bg_color__hover_enabled=&#8220;off&#8220; button_two_bg_color__hover_enabled=&#8220;off&#8220; custom_button=&#8220;on&#8220; button_text_color=&#8220;#FFFFFF&#8220; button_text_size=&#8220;16px&#8220; button_bg_color=&#8220;#E02B20&#8243; button_bg_enable_color=&#8220;on&#8220; button_font=&#8220;|600|||||||&#8220; sticky_enabled=&#8220;0&#8243; button_text_color__hover=&#8220;RGBA(255,255,255,0)&#8220; button_text_color_last_edited=&#8220;off|desktop&#8220; button_bg_color__hover=&#8220;#000000&#8243; button_bg_enable_color__hover=&#8220;on&#8220; button_border_radius=&#8220;0px&#8220; button_use_icon=&#8220;off&#8220; button_border_width=&#8220;0px&#8220;]&nbsp;<br \/>\n[\/et_pb_button][\/et_pb_column][et_pb_column type=&#8220;1_4&#8243; _builder_version=&#8220;4.16&#8243; custom_padding=&#8220;|||&#8220; global_colors_info=&#8220;{}&#8220; custom_padding__hover=&#8220;|||&#8220;][et_pb_button button_url=&#8220;https:\/\/citylebenstedt.com\/wp-content\/uploads\/2020\/01\/Satzung-neu-2019.pdf&#8220; url_new_window=&#8220;on&#8220; button_text=&#8220;Satzung&#8220; _builder_version=&#8220;4.19.2&#8243; hover_enabled=&#8220;0&#8243; global_colors_info=&#8220;{}&#8220; button_text_size__hover_enabled=&#8220;off|desktop&#8220; button_one_text_size__hover_enabled=&#8220;off&#8220; button_two_text_size__hover_enabled=&#8220;off&#8220; button_text_color__hover_enabled=&#8220;off|hover&#8220; button_one_text_color__hover_enabled=&#8220;off&#8220; button_two_text_color__hover_enabled=&#8220;off&#8220; button_border_width__hover_enabled=&#8220;off&#8220; button_one_border_width__hover_enabled=&#8220;off&#8220; button_two_border_width__hover_enabled=&#8220;off&#8220; button_border_color__hover_enabled=&#8220;off&#8220; button_one_border_color__hover_enabled=&#8220;off&#8220; button_two_border_color__hover_enabled=&#8220;off&#8220; button_border_radius__hover_enabled=&#8220;off&#8220; button_one_border_radius__hover_enabled=&#8220;off&#8220; button_two_border_radius__hover_enabled=&#8220;off&#8220; button_letter_spacing__hover_enabled=&#8220;off&#8220; button_one_letter_spacing__hover_enabled=&#8220;off&#8220; button_two_letter_spacing__hover_enabled=&#8220;off&#8220; button_bg_color__hover_enabled=&#8220;on|hover&#8220; button_one_bg_color__hover_enabled=&#8220;off&#8220; button_two_bg_color__hover_enabled=&#8220;off&#8220; custom_button=&#8220;on&#8220; button_text_color=&#8220;#FFFFFF&#8220; button_text_size=&#8220;16px&#8220; button_bg_color=&#8220;#E02B20&#8243; button_bg_enable_color=&#8220;on&#8220; button_font=&#8220;|600|||||||&#8220; sticky_enabled=&#8220;0&#8243; button_text_color__hover=&#8220;RGBA(255,255,255,0)&#8220; button_text_color_last_edited=&#8220;off|desktop&#8220; button_bg_color__hover=&#8220;#000000&#8243; button_bg_enable_color__hover=&#8220;on&#8220; button_border_radius=&#8220;0px&#8220; button_use_icon=&#8220;off&#8220; button_border_width=&#8220;0px&#8220;]&nbsp;<br \/>\n[\/et_pb_button][\/et_pb_column][et_pb_column type=&#8220;1_4&#8243; _builder_version=&#8220;4.16&#8243; custom_padding=&#8220;|||&#8220; global_colors_info=&#8220;{}&#8220; custom_padding__hover=&#8220;|||&#8220;][\/et_pb_column][et_pb_column type=&#8220;1_4&#8243; _builder_version=&#8220;4.16&#8243; custom_padding=&#8220;|||&#8220; global_colors_info=&#8220;{}&#8220; custom_padding__hover=&#8220;|||&#8220;][\/et_pb_column][\/et_pb_row][\/et_pb_section]<\/p>\n","protected":false},"excerpt":{"rendered":"<p>Mitglied werden Sie sind noch nicht dabei? Mitglied werden und profitieren! Sie sind Gesch\u00e4ftsinhaber in Salzgitter? Haben Ideen, wie das Handelsgeschehen vor Ort belebt werden kann? Oder m\u00f6chten einfach von einem schlagkr\u00e4ftigen Netzwerk profitieren? Dann sind sie bei dem CityLebenstedt e.V. genau richtig! Als Interessengemeinschaft der Gesch\u00e4ftsleute unserer City verstehen wir uns nicht nur als [&hellip;]<\/p>\n","protected":false},"author":1,"featured_media":0,"parent":2,"menu_order":0,"comment_status":"closed","ping_status":"closed","template":"","meta":{"_et_pb_use_builder":"on","_et_pb_old_content":"","_et_gb_content_width":"","footnotes":""},"class_list":["post-808","page","type-page","status-publish","hentry"],"_links":{"self":[{"href":"https:\/\/citylebenstedt.com\/index.php?rest_route=\/wp\/v2\/pages\/808","targetHints":{"allow":["GET"]}}],"collection":[{"href":"https:\/\/citylebenstedt.com\/index.php?rest_route=\/wp\/v2\/pages"}],"about":[{"href":"https:\/\/citylebenstedt.com\/index.php?rest_route=\/wp\/v2\/types\/page"}],"author":[{"embeddable":true,"href":"https:\/\/citylebenstedt.com\/index.php?rest_route=\/wp\/v2\/users\/1"}],"replies":[{"embeddable":true,"href":"https:\/\/citylebenstedt.com\/index.php?rest_route=%2Fwp%2Fv2%2Fcomments&post=808"}],"version-history":[{"count":10,"href":"https:\/\/citylebenstedt.com\/index.php?rest_route=\/wp\/v2\/pages\/808\/revisions"}],"predecessor-version":[{"id":1623,"href":"https:\/\/citylebenstedt.com\/index.php?rest_route=\/wp\/v2\/pages\/808\/revisions\/1623"}],"up":[{"embeddable":true,"href":"https:\/\/citylebenstedt.com\/index.php?rest_route=\/wp\/v2\/pages\/2"}],"wp:attachment":[{"href":"https:\/\/citylebenstedt.com\/index.php?rest_route=%2Fwp%2Fv2%2Fmedia&parent=808"}],"curies":[{"name":"wp","href":"https:\/\/api.w.org\/{rel}","templated":true}]}}